{"id":81,"date":"2022-03-01T09:55:32","date_gmt":"2022-03-01T09:55:32","guid":{"rendered":"https:\/\/primaristic.de\/?page_id=81"},"modified":"2025-10-25T14:50:16","modified_gmt":"2025-10-25T14:50:16","slug":"primaristinnen","status":"publish","type":"page","link":"https:\/\/primaristic.de\/index.php\/primaristinnen\/","title":{"rendered":"Primaristinnen"},"content":{"rendered":"\n<h1 class=\"wp-block-heading\">Liste in Deutschland ausgebildeter Primaristinnen<\/h1>\n\n\n\n<h3 class=\"wp-block-heading\">(Sortierung nach Bundesl\u00e4ndern und Postleitzahlen)<\/h3>\n\n\n\n<h1 class=\"wp-block-heading\">Sachsen<\/h1>\n\n\n\n<p>Lioba Weiss<br>Heilpraktikerin<br>Glacisstra\u00dfe 20 b<br>01099 Dresden<br>Tel.: 01722797619<br>Termin nur nach Vereinbarung<br>____________________________________________<br>Monika Muschweck<br>01705 Freital<br>Tel.: 0177 97 40 118<br>Mail: MonikaMuschweck@gmail.com<\/p>\n\n\n\n<p>_____________________________________________<\/p>\n\n\n\n<p><\/p>\n\n\n\n<h1 class=\"wp-block-heading\">Niedersachsen<\/h1>\n\n\n\n<p>Gabi Reh<br>Praxis f\u00fcr Physiotherapie und Naturheilkunde Von-Alten-Str. 21 a<br>im Von-Alten-Carree<br>30938 Burgwedel<br>Tel.: 05139-3449<br>___________________________________________<br>Konstanze Vaskala<br>Aktiv Physio- und Ergotherapie<br>Leibnizstrasse 11<br>38228 Salzgitter<br>Tel. Praxis: 05341\/2253999<br>Tel. privat: 0151\/58724493<\/p>\n\n\n\n<p>_____________________________________________<\/p>\n\n\n\n<h1 class=\"wp-block-heading\">&nbsp;<\/h1>\n\n\n\n<h1 class=\"wp-block-heading\">Hessen<\/h1>\n\n\n\n<p>&nbsp;<\/p>\n<p>Anne Teichert<\/p>\n<p>Physiotherapeutin\/Heilpraktikerin (eingeschr\u00e4nkt f\u00fcr Physiotherapie)<br>35037 Marburg<br>Tel.: 01590 3748516<\/p>\n<p>E-Mail: info@physio-teichert.de<br>Web: <a href=\"https:\/\/www.physio-teichert.de\/\" target=\"_blank\" rel=\"noreferrer noopener\">www.physio-teichert.de<\/a><\/p>\n<p>_____________________________________________<\/p>\n\n\n\n<p>Gisela Teichert<br>Neurophysiologische Praxis<br>Am Fichtenberg 18<br>35647 Waldsolms<br>Tel.: 06085 98 98 545<br>Mail: info@neurophysio-teichert.de<br>Web: <a href=\"https:\/\/www.neurophysio-teichert.de\/\" target=\"_blank\" rel=\"noreferrer noopener\">www.neurophysio-teichert.de<\/a><br>SkF Familienzentrum<br>Wartweg 17<br>35392 Gie\u00dfen<br>_____________________________________________<br>Ursula S\u00e4nger<br>Praxis f\u00fcr Physiotherapie und Primaristic<br>Frankfurter Stra\u00dfe 198b<br>61118 Bad Vilbel<br>Tel.: 06101\/989597<\/p>\n\n\n\n<p>____________________________________________<\/p>\n\n\n\n<p>Isabella K\u00f6hler-Schaub<\/p>\n\n\n\n<p>Therapiezentrum K\u00f6hler UG (haftungsbeschr\u00e4nkt)<\/p>\n\n\n\n<p>Quellenstra\u00dfe 23&nbsp;<br>61118 Bad Vilbel<br>Tel: 06101 &#8211; 30 40 47\u2028<\/p>\n<p>Mail: ak@tz-koehler.de<br>____________________________________________<br>Katrin Hoffmann<br>Naturheilpraxis<br>Luisenstr. 11<br>61231 Bad Nauheim<br>Tel.: 0162\/ 4368125<br>____________________________________________<br>Katja Theisen<br>Praxis f\u00fcr Osteopathie und Primaristic<br>N\u00f6rdlicher Park 6<br>61231 Bad Nauheim<br>Tel.: 06032-6075246<br>____________________________________________<br>Marion Krykorka<br>Physiotherapeutin<br>Rosserstr.11<br>61440 Oberursel<br>Tel. 06171 2088395<br>Mail: info@praxis-krykorka.de<\/p>\n\n\n\n<p><a href=\"https:\/\/www.praxis-krykorka.de\" target=\"_blank\" rel=\"noreferrer noopener\">Web: www.Praxis-Krykorka.de<\/a><br>____________________________________________<br>Anke Abou Saif<br>Mail: info@kinderarztpraxis-abousaif.de<br><a href=\"https:\/\/www.kinderarztpraxis-abousaif.de\" target=\"_blank\" rel=\"noreferrer noopener\">Web: https:\/\/www.kinderarztpraxis-abousaif.de<\/a><br>Praxis Bad Homburg<br>Hauptstra\u00dfe 46<br>61350 Bad Homburg<br>Tel.: 0176 &#8211; 60 41 21 28<br>_______________________________________________<br>Dr. med. Susan Frischkorn<br>Fach\u00e4rztin f\u00fcr An\u00e4sthesiologie. Spezielle Schmerztherapie. Hom\u00f6opathie. Primaristic.<br>Oberurseler Str. 4<br>61440 Oberursel<br>Tel.: 06171-988873<br>Mail: praxis@dr-frischkorn.de<\/p>\n\n\n\n<p><a href=\"http:\/\/www.dr-frischkorn.de\/\" target=\"_blank\" rel=\"noreferrer noopener\">Web: http:\/\/www.dr-frischkorn.de\/<\/a><br>_______________________________________________<br>Cora Schweichler<br>der Augen Blick<br>Praxis f\u00fcr Primaristic und ganzheitliches Sehen<br>Mozartstra\u00dfe 3<br>63477 Maintal<br>Termine nach Vereinbarung<br>Tel.: 0177-66 66 992<br>Mail: Cora.schweichler@der-augen-blick.com<br>_______________________________________________<br>Helga Gruhn-Pospischil<br>Perzeptionshaus<br>Carl-Ulrich-Stra\u00dfe 30<br>63512 Hainburg<br>Tel.: 06182-4749<br>Mail: info@perzeptionshaus.de<br>Web: <a href=\"https:\/\/www.perzeptionshaus.de\" target=\"_blank\" rel=\"noreferrer noopener\">www.perzeptionshaus.de<\/a><br>_______________________________________________<br>Tzvetana Mikova<br>Goethestr. 61<br>64285 Darmstadt<br>Tel.: 0174 96 48 633<br>Mail: tzvetana.mikova@gmail.com<br>_______________________________________________<br>Angela Els\u00e4\u00dfer<br>Ro\u00dfd\u00f6rferstr.96<br>64287 Darmstadt<br>Tel.: 0179-3293456<br>Mail: angelaelsaesser@gmx.de<br>Web: <a href=\"https:\/\/www.angela-elsaesser.de\" target=\"_blank\" rel=\"noreferrer noopener\">www.angela-elsaesser.de<\/a><br>_______________________________________________<br>Petra Wirthwein D.O.M.R.O.<br>OSTEOPATHIE RIMBACH<br>Staatsstr. 51 u. 51 a<br>64668 Rimbach<br>Tel.: 06253-85500<br>Web: <a href=\"https:\/\/www.osteopathie-wirthwein.de\" target=\"_blank\" rel=\"noreferrer noopener\">http:\/\/www.osteopathie-wirthwein.de<\/a><br>_______________________________________________<br>Christel Frohne-Poodt<br>Praxis f\u00fcr Krankengymnastik und Neurophysiologische Therapie<br>und Primaristic<br>Richer Strasse 4<br>64823 Gro\u00df-Umstadt<br>Tel.: 06078-936010<br>Mail: frohnepoodt@gmail.com<br>________________________________________________<br>Beate Augustin-Baaske<br>Praxis f\u00fcr Physiotherapie &#8211; Beate Augustin-Baaske<br>Emserstra\u00dfe 75<br>65195 Wiesbaden<br>Tel.: 0611-409690<br>________________________________________________<br>Barbara Nachtmann<br>Praxis f\u00fcr Physiotherapie<br>Gro\u00dfe Grabengasse 2<br>65468 Trebur<br>Tel.: 06147\/202104<br>Mail: barbara.nachtmann@web.de<br>_________________________________________________<br>Dr. med. Elke Mari<br>Praktische \u00c4rztin \u2013 Klassische Hom\u00f6opathie und Primaristic<br>Praxis Dr. med. Elke Mari<br>Franz-Gensler-Str. 7-9<br>65589 Hadamar<br>Tel.: 06433\/8765-35<br>Fax:06433\/8765-36<br>AB: 06433\/8765-39<br>Web: <a href=\"https:\/\/praxis-mari.de\" target=\"_blank\" rel=\"noreferrer noopener\">www.praxis-mari.de<\/a><br>________________________________________________<br>Elisabeth Sparwasser<br>Physiotherapeutin<br>Im Eich 1<br>65760 Eschborn<br>Tel.: 06173\/939989<br>Mail: elisabeth.sparwasser@gmx.de<br>______________________________________________<br>Manuela Schuhmacher<br>Bahnhofstra\u00dfe 4a<br>65830 Kriftel<br>Tel.: 0157 51905394<\/p>\n\n\n\n<p>______________________________________________<\/p>\n\n\n\n<h1 class=\"wp-block-heading\"><br>Nordrhein-Westfalen<br><\/h1>\n\n\n\n<p>Mechtild Rentmeister-Bruns<br>Praxis f\u00fcr Physiotherapie<br>Schubbert &amp; Van den Berg<br>Osnabr\u00fccker Stra\u00dfe 220<br>48429 Rheine<br>Tel.: O5971\/ 6162<br>Mail: rentmeisterbruns@gmx.de<br>___________________________________________<br>Marion Wandtke<br>Primaristic Marion Wandtke<br>Vormwalderstr.16<br>57271 Hilchenbach<br>Tel.: 0151-517 772 21<\/p>\n\n\n\n<h1 class=\"wp-block-heading\"><br>Rheinland-Pfalz<\/h1>\n\n\n\n<p><br>Nora Laszlo (Khan)<br>Kurmainz str49<br>55126Mainz<br>Tel.: 015785075033<br>Mail: info@physiotherapie-laszlo.com<\/p>\n\n\n\n<p>Web: <a href=\"https:\/\/www.physiotherapie-laszlo.com\">www.physiotherapie-laszlo.com<\/a><br>___________________________________________<br>Sybille Saar-Weitzel<br>Engeltal 3<br>55218 Ingelheim<br>Tel.: 06132 \u2013 515 0079<br>Mobil: 0176-81122942<br>Mail: info@praxis-saar-weitzel.de<br>Web: <a href=\"https:\/\/praxis-saar-weitzel.de\" target=\"_blank\" rel=\"noreferrer noopener\">www.praxis-saar-weitzel.de<\/a><\/p>\n\n\n\n<p>___________________________________________<\/p>\n\n\n\n<p>Dorothea Butz-Klimek<\/p>\n\n\n\n<p>Naturheilpraxis<\/p>\n\n\n\n<p>Erkenbrechtstr. 17<\/p>\n\n\n\n<p>67434 Neustadt an der Weinstra\u00dfe<\/p>\n\n\n\n<p>Tel: 06321 39 79 800<\/p>\n\n\n\n<p><a href=\"mailto:butzklimek@web.de\" target=\"_blank\" rel=\"noreferrer noopener\">butzklimek@web.de<\/a><\/p>\n\n\n\n<p><a href=\"http:\/\/www.naturheilpraxis-butzklimek.de\/\" target=\"_blank\" rel=\"noreferrer noopener\">www.naturheilpraxis-butzklimek.de<\/a><\/p>\n\n\n\n<p>___________________________________________<\/p>\n\n\n\n<h1 class=\"wp-block-heading\">Baden-W\u00fcrttemberg<\/h1>\n\n\n\n<p>Petra Munz<br>Praxis Petra Munz<br>Heilpraktikerin<br>Theodorstr. 14\/1<br>71560 Sulzbach\/Murr<br>Web: <a href=\"https:\/\/www.praxis-petra-munz.de\" target=\"_blank\" rel=\"noreferrer noopener\">www.praxis-petra-munz.de<\/a><br>__________________________________________<br>Dr. Bettina Wilke<br>Fachzahn\u00e4rztin f\u00fcr Kieferorthop\u00e4die<br>Praxis f\u00fcr Kieferorthop\u00e4die<br>Pforzheimer Str. 37<br>76337 Waldbronn<br>Tel.: 07243-63570<br>Fax: 07243-63580<br>Mail: dr.wilke@schoenstes-laecheln.de<br>Web: <a href=\"https:\/\/www.schoenstes-laecheln.net\" target=\"_blank\" rel=\"noreferrer noopener\">www.schoenstes-laecheln.de<\/a><\/p>\n\n\n\n<p>__________________________________________<\/p>\n\n\n\n<h1 class=\"wp-block-heading\">Bayern<\/h1>\n\n\n\n<p>Barbara Scholl<br>Heilpraktikerin<br>Praxis f\u00fcr angewandte Neurophysiologie\/Primaristic<br>Kirchwegtannnen 8<br>63796 Kahl am Main<br>Mail: b.scholl@neurophysio-bs.de<br>Web: <a href=\"https:\/\/www.neurophysio-bs.de\" target=\"_blank\" rel=\"noreferrer noopener\">www.neurophysio-bs.de<\/a><br>_____________________________________________<br>Svenja Schrode<br>Praxis Knab &amp; Dexheimer<br>Breslauer Stra\u00dfe 17<br>82194 Gr\u00f6benzell<br>Tel.: 08142-570067<br>Web: <a href=\"https:\/\/knab-dexheimer.de\" target=\"_blank\" rel=\"noreferrer noopener\">www.knab-dexheimer.de<\/a><br>_____________________________________________<br>Susan Zecevic<br>Gro\u00dfgr\u00fcndlacher Hauptstra\u00dfe 5<br>90427 N\u00fcrnberg<br>Tel.: 0911-47001881<br>Mobil: 0162-9277192<br>Mail: info@kosmetik-naturschoen.de<br>Web: <a href=\"https:\/\/www.kosmetik-naturschoen.de\" target=\"_blank\" rel=\"noreferrer noopener\">www.kosmetik-naturschoen.de<\/a><br>_____________________________________________<br>Katharina Bolz<br>Tel.: 0160 4456585<br>Regensburg<\/p>\n\n\n\n<p>_____________________________________________<\/p>\n\n\n\n<h1 class=\"wp-block-heading\">Au\u00dferhalb Deutschlands<\/h1>\n\n\n\n<h2 class=\"wp-block-heading\">Bulgarien<\/h2>\n\n\n\n<p>\u0426\u0432\u0435\u0442\u0430\u043d\u0430 \u041c\u0438\u043a\u043e\u0432\u0430<br>\u0443\u043b. \u041e\u0432\u0430\u043d\u0435\u0441 \u0421\u043e\u0432\u0430\u0434\u0436\u0438\u0430\u043d 38<br>4400 \u041f\u0430\u0437\u0430\u0440\u0434\u0436\u0438\u043a<br>Tel: +49 174 96 48 633<br>tzvetana.mikova@gmail.com<\/p>\n\n\n\n<p>_____________________________________________<\/p>\n\n\n\n<h2 class=\"wp-block-heading\">Portugal<\/h2>\n\n\n\n<p>Manuela Mann<br>Heilpraktikerin\/ Naturopatia<br>Hom\u00f6opathie\/ Homeopata<br>Primaristic \u00ae Therapist<br>8500-311 Portim\u00e3o<br>Tel.: +49 162 4234176<\/p>\n\n\n\n<p>_____________________________________________<\/p>\n\n\n\n<p>Stand: 25.10.2025<\/p>\n\n\n\n<p>_____________________________________________<br>Alle Angaben sind mit den Primaristinnen abgesprochen und auf deren Wunsch auf der Homepage<br>primaristic.de ver\u00f6ffentlicht. F\u00fcr die Inhalte der verlinkten Websites sind die jeweiligen Inhaber<br>selbst verantwortlich.<\/p>\n\n\n\n<p><\/p>\n\n\n\n<hr class=\"wp-block-separator has-alpha-channel-opacity\"\/>\n\n\n\n<p><\/p>\n","protected":false},"excerpt":{"rendered":"<p>Liste in Deutschland ausgebildeter Primaristinnen (Sortierung nach Bundesl\u00e4ndern und Postleitzahlen) Sachsen Lioba WeissHeilpraktikerinGlacisstra\u00dfe 20 b01099 DresdenTel.: 01722797619Termin nur nach Vereinbarung____________________________________________Monika Muschweck01705 FreitalTel.: 0177 97 40 118Mail: MonikaMuschweck@gmail.com _____________________________________________ Niedersachsen Gabi RehPraxis f\u00fcr Physiotherapie und Naturheilkunde Von-Alten-Str. 21 aim Von-Alten-Carree30938 BurgwedelTel.: 05139-3449___________________________________________Konstanze VaskalaAktiv Physio- und ErgotherapieLeibnizstrasse 1138228 SalzgitterTel. Praxis: 05341\/2253999Tel. privat: 0151\/58724493 _____________________________________________ &nbsp; Hessen &nbsp; &hellip; <\/p>\n<p class=\"link-more\"><a href=\"https:\/\/primaristic.de\/index.php\/primaristinnen\/\" class=\"more-link\">Mehr <span class=\"screen-reader-text\">\u00fcber &#8222;Primaristinnen&#8220; <\/span>Lesen<\/a><\/p>\n","protected":false},"author":1,"featured_media":0,"parent":0,"menu_order":0,"comment_status":"closed","ping_status":"closed","template":"","meta":{"_acf_changed":false,"_monsterinsights_skip_tracking":false,"_monsterinsights_sitenote_active":false,"_monsterinsights_sitenote_note":"","_monsterinsights_sitenote_category":0,"footnotes":""},"class_list":["post-81","page","type-page","status-publish","hentry"],"acf":[],"yoast_head":"<!-- This site is optimized with the Yoast SEO plugin v26.6 - https:\/\/yoast.com\/wordpress\/plugins\/seo\/ -->\n<title>Primaristinnen - primaristic.de<\/title>\n<meta name=\"robots\" content=\"index, follow, max-snippet:-1, max-image-preview:large, max-video-preview:-1\" \/>\n<link rel=\"canonical\" href=\"https:\/\/primaristic.de\/index.php\/primaristinnen\/\" \/>\n<meta property=\"og:locale\" content=\"de_DE\" \/>\n<meta property=\"og:type\" content=\"article\" \/>\n<meta property=\"og:title\" content=\"Primaristinnen - primaristic.de\" \/>\n<meta property=\"og:description\" content=\"Liste in Deutschland ausgebildeter Primaristinnen (Sortierung nach Bundesl\u00e4ndern und Postleitzahlen) Sachsen Lioba WeissHeilpraktikerinGlacisstra\u00dfe 20 b01099 DresdenTel.: 01722797619Termin nur nach Vereinbarung____________________________________________Monika Muschweck01705 FreitalTel.: 0177 97 40 118Mail: MonikaMuschweck@gmail.com _____________________________________________ Niedersachsen Gabi RehPraxis f\u00fcr Physiotherapie und Naturheilkunde Von-Alten-Str. 21 aim Von-Alten-Carree30938 BurgwedelTel.: 05139-3449___________________________________________Konstanze VaskalaAktiv Physio- und ErgotherapieLeibnizstrasse 1138228 SalzgitterTel. Praxis: 05341\/2253999Tel. privat: 0151\/58724493 _____________________________________________ &nbsp; Hessen &nbsp; &hellip; Mehr \u00fcber &quot;Primaristinnen&quot; Lesen\" \/>\n<meta property=\"og:url\" content=\"https:\/\/primaristic.de\/index.php\/primaristinnen\/\" \/>\n<meta property=\"og:site_name\" content=\"primaristic.de\" \/>\n<meta property=\"article:modified_time\" content=\"2025-10-25T14:50:16+00:00\" \/>\n<meta name=\"twitter:card\" content=\"summary_large_image\" \/>\n<meta name=\"twitter:label1\" content=\"Gesch\u00e4tzte Lesezeit\" \/>\n\t<meta name=\"twitter:data1\" content=\"4\u00a0Minuten\" \/>\n<script type=\"application\/ld+json\" class=\"yoast-schema-graph\">{\"@context\":\"https:\/\/schema.org\",\"@graph\":[{\"@type\":\"WebPage\",\"@id\":\"https:\/\/primaristic.de\/index.php\/primaristinnen\/\",\"url\":\"https:\/\/primaristic.de\/index.php\/primaristinnen\/\",\"name\":\"Primaristinnen - primaristic.de\",\"isPartOf\":{\"@id\":\"https:\/\/primaristic.de\/#website\"},\"datePublished\":\"2022-03-01T09:55:32+00:00\",\"dateModified\":\"2025-10-25T14:50:16+00:00\",\"breadcrumb\":{\"@id\":\"https:\/\/primaristic.de\/index.php\/primaristinnen\/#breadcrumb\"},\"inLanguage\":\"de\",\"potentialAction\":[{\"@type\":\"ReadAction\",\"target\":[\"https:\/\/primaristic.de\/index.php\/primaristinnen\/\"]}]},{\"@type\":\"BreadcrumbList\",\"@id\":\"https:\/\/primaristic.de\/index.php\/primaristinnen\/#breadcrumb\",\"itemListElement\":[{\"@type\":\"ListItem\",\"position\":1,\"name\":\"Startseite\",\"item\":\"https:\/\/primaristic.de\/\"},{\"@type\":\"ListItem\",\"position\":2,\"name\":\"Primaristinnen\"}]},{\"@type\":\"WebSite\",\"@id\":\"https:\/\/primaristic.de\/#website\",\"url\":\"https:\/\/primaristic.de\/\",\"name\":\"primaristic.de\",\"description\":\"Dachverband der Primaristinnen in Deutschland\",\"publisher\":{\"@id\":\"https:\/\/primaristic.de\/#organization\"},\"potentialAction\":[{\"@type\":\"SearchAction\",\"target\":{\"@type\":\"EntryPoint\",\"urlTemplate\":\"https:\/\/primaristic.de\/?s={search_term_string}\"},\"query-input\":{\"@type\":\"PropertyValueSpecification\",\"valueRequired\":true,\"valueName\":\"search_term_string\"}}],\"inLanguage\":\"de\"},{\"@type\":\"Organization\",\"@id\":\"https:\/\/primaristic.de\/#organization\",\"name\":\"primaristic.de\",\"url\":\"https:\/\/primaristic.de\/\",\"logo\":{\"@type\":\"ImageObject\",\"inLanguage\":\"de\",\"@id\":\"https:\/\/primaristic.de\/#\/schema\/logo\/image\/\",\"url\":\"https:\/\/primaristic.de\/wp-content\/uploads\/2024\/11\/Logo-Weiss-groesser.png\",\"contentUrl\":\"https:\/\/primaristic.de\/wp-content\/uploads\/2024\/11\/Logo-Weiss-groesser.png\",\"width\":1124,\"height\":749,\"caption\":\"primaristic.de\"},\"image\":{\"@id\":\"https:\/\/primaristic.de\/#\/schema\/logo\/image\/\"}}]}<\/script>\n<!-- \/ Yoast SEO plugin. -->","yoast_head_json":{"title":"Primaristinnen - primaristic.de","robots":{"index":"index","follow":"follow","max-snippet":"max-snippet:-1","max-image-preview":"max-image-preview:large","max-video-preview":"max-video-preview:-1"},"canonical":"https:\/\/primaristic.de\/index.php\/primaristinnen\/","og_locale":"de_DE","og_type":"article","og_title":"Primaristinnen - primaristic.de","og_description":"Liste in Deutschland ausgebildeter Primaristinnen (Sortierung nach Bundesl\u00e4ndern und Postleitzahlen) Sachsen Lioba WeissHeilpraktikerinGlacisstra\u00dfe 20 b01099 DresdenTel.: 01722797619Termin nur nach Vereinbarung____________________________________________Monika Muschweck01705 FreitalTel.: 0177 97 40 118Mail: MonikaMuschweck@gmail.com _____________________________________________ Niedersachsen Gabi RehPraxis f\u00fcr Physiotherapie und Naturheilkunde Von-Alten-Str. 21 aim Von-Alten-Carree30938 BurgwedelTel.: 05139-3449___________________________________________Konstanze VaskalaAktiv Physio- und ErgotherapieLeibnizstrasse 1138228 SalzgitterTel. Praxis: 05341\/2253999Tel. privat: 0151\/58724493 _____________________________________________ &nbsp; Hessen &nbsp; &hellip; Mehr \u00fcber \"Primaristinnen\" Lesen","og_url":"https:\/\/primaristic.de\/index.php\/primaristinnen\/","og_site_name":"primaristic.de","article_modified_time":"2025-10-25T14:50:16+00:00","twitter_card":"summary_large_image","twitter_misc":{"Gesch\u00e4tzte Lesezeit":"4\u00a0Minuten"},"schema":{"@context":"https:\/\/schema.org","@graph":[{"@type":"WebPage","@id":"https:\/\/primaristic.de\/index.php\/primaristinnen\/","url":"https:\/\/primaristic.de\/index.php\/primaristinnen\/","name":"Primaristinnen - primaristic.de","isPartOf":{"@id":"https:\/\/primaristic.de\/#website"},"datePublished":"2022-03-01T09:55:32+00:00","dateModified":"2025-10-25T14:50:16+00:00","breadcrumb":{"@id":"https:\/\/primaristic.de\/index.php\/primaristinnen\/#breadcrumb"},"inLanguage":"de","potentialAction":[{"@type":"ReadAction","target":["https:\/\/primaristic.de\/index.php\/primaristinnen\/"]}]},{"@type":"BreadcrumbList","@id":"https:\/\/primaristic.de\/index.php\/primaristinnen\/#breadcrumb","itemListElement":[{"@type":"ListItem","position":1,"name":"Startseite","item":"https:\/\/primaristic.de\/"},{"@type":"ListItem","position":2,"name":"Primaristinnen"}]},{"@type":"WebSite","@id":"https:\/\/primaristic.de\/#website","url":"https:\/\/primaristic.de\/","name":"primaristic.de","description":"Dachverband der Primaristinnen in Deutschland","publisher":{"@id":"https:\/\/primaristic.de\/#organization"},"potentialAction":[{"@type":"SearchAction","target":{"@type":"EntryPoint","urlTemplate":"https:\/\/primaristic.de\/?s={search_term_string}"},"query-input":{"@type":"PropertyValueSpecification","valueRequired":true,"valueName":"search_term_string"}}],"inLanguage":"de"},{"@type":"Organization","@id":"https:\/\/primaristic.de\/#organization","name":"primaristic.de","url":"https:\/\/primaristic.de\/","logo":{"@type":"ImageObject","inLanguage":"de","@id":"https:\/\/primaristic.de\/#\/schema\/logo\/image\/","url":"https:\/\/primaristic.de\/wp-content\/uploads\/2024\/11\/Logo-Weiss-groesser.png","contentUrl":"https:\/\/primaristic.de\/wp-content\/uploads\/2024\/11\/Logo-Weiss-groesser.png","width":1124,"height":749,"caption":"primaristic.de"},"image":{"@id":"https:\/\/primaristic.de\/#\/schema\/logo\/image\/"}}]}},"jetpack_sharing_enabled":true,"_links":{"self":[{"href":"https:\/\/primaristic.de\/index.php\/wp-json\/wp\/v2\/pages\/81","targetHints":{"allow":["GET"]}}],"collection":[{"href":"https:\/\/primaristic.de\/index.php\/wp-json\/wp\/v2\/pages"}],"about":[{"href":"https:\/\/primaristic.de\/index.php\/wp-json\/wp\/v2\/types\/page"}],"author":[{"embeddable":true,"href":"https:\/\/primaristic.de\/index.php\/wp-json\/wp\/v2\/users\/1"}],"replies":[{"embeddable":true,"href":"https:\/\/primaristic.de\/index.php\/wp-json\/wp\/v2\/comments?post=81"}],"version-history":[{"count":22,"href":"https:\/\/primaristic.de\/index.php\/wp-json\/wp\/v2\/pages\/81\/revisions"}],"predecessor-version":[{"id":354,"href":"https:\/\/primaristic.de\/index.php\/wp-json\/wp\/v2\/pages\/81\/revisions\/354"}],"wp:attachment":[{"href":"https:\/\/primaristic.de\/index.php\/wp-json\/wp\/v2\/media?parent=81"}],"curies":[{"name":"wp","href":"https:\/\/api.w.org\/{rel}","templated":true}]}}